{"id":484,"date":"2025-08-17T16:08:29","date_gmt":"2025-08-17T16:08:29","guid":{"rendered":"https:\/\/publicidadradiomarcagc.com\/?page_id=484"},"modified":"2025-08-25T17:51:38","modified_gmt":"2025-08-25T17:51:38","slug":"politica-de-cookies","status":"publish","type":"page","link":"https:\/\/publicidadradiomarcagc.com\/it\/politica-de-cookies\/","title":{"rendered":"Pol\u00edtica De Cookies"},"content":{"rendered":"<style>.elementor-484 .elementor-element.elementor-element-375a013b:not(.elementor-motion-effects-element-type-background), .elementor-484 .elementor-element.elementor-element-375a013b > .elementor-motion-effects-container > .elementor-motion-effects-layer{background-image:url(\"https:\/\/publicidadradiomarcagc.com\/wp-content\/uploads\/2025\/08\/Imagenes-para-blog-5.gif\");background-position:center center;background-size:cover;}.elementor-484 .elementor-element.elementor-element-375a013b > .elementor-background-overlay{background-color:#242323;opacity:0.66;transition:background 0.3s, border-radius 0.3s, opacity 0.3s;}.elementor-484 .elementor-element.elementor-element-375a013b{transition:background 0.3s, border 0.3s, border-radius 0.3s, box-shadow 0.3s;padding:150px 0px 150px 0px;}.elementor-484 .elementor-element.elementor-element-28f86327.elementor-column > .elementor-widget-wrap{justify-content:center;}.elementor-484 .elementor-element.elementor-element-3f28be98{margin:0px 0px calc(var(--kit-widget-spacing, 0px) + 0px) 0px;text-align:center;}.elementor-484 .elementor-element.elementor-element-3f28be98 .elementor-heading-title{font-family:\"Poppins\", Sans-serif;font-size:42px;font-weight:700;text-transform:uppercase;line-height:1em;color:#FFFFFF;}.elementor-484 .elementor-element.elementor-element-55cd5063{width:auto;max-width:auto;font-family:var( --e-global-typography-bca57f7-font-family ), Sans-serif;font-size:var( --e-global-typography-bca57f7-font-size );font-weight:var( --e-global-typography-bca57f7-font-weight );text-shadow:0px 0px 10px rgba(0,0,0,0.3);color:#FFFFFF;}.elementor-484 .elementor-element.elementor-element-55cd5063 a{color:#C32521;}.elementor-484 .elementor-element.elementor-element-55cd5063 a:hover, .elementor-484 .elementor-element.elementor-element-55cd5063 a:focus{color:#7DA9D7;}.elementor-484 .elementor-element.elementor-element-14b45be9{width:auto;max-width:auto;margin:0px 0px calc(var(--kit-widget-spacing, 0px) + 0px) 5px;font-family:var( --e-global-typography-bca57f7-font-family ), Sans-serif;font-size:var( --e-global-typography-bca57f7-font-size );font-weight:var( --e-global-typography-bca57f7-font-weight );color:#FFFFFF;}.elementor-484 .elementor-element.elementor-element-8e0bc11{--display:flex;--flex-direction:column;--container-widget-width:100%;--container-widget-height:initial;--container-widget-flex-grow:0;--container-widget-align-self:initial;--flex-wrap-mobile:wrap;--padding-top:50px;--padding-bottom:50px;--padding-left:50px;--padding-right:50px;}.elementor-484 .elementor-element.elementor-element-130fbb4{font-family:\"Poppins\", Sans-serif;color:#242323;}@media(max-width:1024px){.elementor-484 .elementor-element.elementor-element-55cd5063{font-size:var( --e-global-typography-bca57f7-font-size );}.elementor-484 .elementor-element.elementor-element-14b45be9{font-size:var( --e-global-typography-bca57f7-font-size );}}@media(max-width:767px){.elementor-484 .elementor-element.elementor-element-375a013b{padding:110px 0px 110px 0px;}.elementor-484 .elementor-element.elementor-element-3f28be98 .elementor-heading-title{font-size:32px;}.elementor-484 .elementor-element.elementor-element-55cd5063{font-size:var( --e-global-typography-bca57f7-font-size );}.elementor-484 .elementor-element.elementor-element-14b45be9{font-size:var( --e-global-typography-bca57f7-font-size );}.elementor-484 .elementor-element.elementor-element-8e0bc11{--padding-top:30px;--padding-bottom:30px;--padding-left:30px;--padding-right:30px;}}<\/style>\t\t<div data-elementor-type=\"wp-page\" data-elementor-id=\"484\" class=\"elementor elementor-484\" data-elementor-post-type=\"page\">\n\t\t\t\t\t\t<section class=\"elementor-section elementor-top-section elementor-element elementor-element-375a013b elementor-section-boxed elementor-section-height-default elementor-section-height-default wpr-particle-no wpr-jarallax-no wpr-parallax-no wpr-sticky-section-no\" data-id=\"375a013b\" data-element_type=\"section\" data-settings=\"{&quot;background_background&quot;:&quot;classic&quot;}\">\n\t\t\t\t\t\t\t<div class=\"elementor-background-overlay\"><\/div>\n\t\t\t\t\t\t\t<div class=\"elementor-container elementor-column-gap-default\">\n\t\t\t\t\t<div class=\"elementor-column elementor-col-100 elementor-top-column elementor-element elementor-element-28f86327\" data-id=\"28f86327\" data-element_type=\"column\">\n\t\t\t<div class=\"elementor-widget-wrap elementor-element-populated\">\n\t\t\t\t\t\t<div class=\"elementor-element elementor-element-3f28be98 elementor-invisible elementor-widget elementor-widget-heading\" data-id=\"3f28be98\" data-element_type=\"widget\" data-settings=\"{&quot;_animation&quot;:&quot;rubberBand&quot;}\" data-widget_type=\"heading.default\">\n\t\t\t\t\t<h2 class=\"elementor-heading-title elementor-size-default\">Informativa sui cookie<\/h2>\t\t\t\t<\/div>\n\t\t\t\t<div class=\"elementor-element elementor-element-55cd5063 elementor-widget__width-auto elementor-invisible elementor-widget elementor-widget-text-editor\" data-id=\"55cd5063\" data-element_type=\"widget\" data-settings=\"{&quot;_animation&quot;:&quot;fadeIn&quot;}\" data-widget_type=\"text-editor.default\">\n\t\t\t\t\t\t\t\t\t<p><a href=\"https:\/\/publicidadradiomarcagc.com\/it\/\">Inizio<\/a> \/<\/p>\t\t\t\t\t\t\t\t<\/div>\n\t\t\t\t<div class=\"elementor-element elementor-element-14b45be9 elementor-widget__width-auto elementor-invisible elementor-widget elementor-widget-text-editor\" data-id=\"14b45be9\" data-element_type=\"widget\" data-settings=\"{&quot;_animation&quot;:&quot;fadeIn&quot;}\" data-widget_type=\"text-editor.default\">\n\t\t\t\t\t\t\t\t\t<p>Informativa sui cookie<\/p>\t\t\t\t\t\t\t\t<\/div>\n\t\t\t\t\t<\/div>\n\t\t<\/div>\n\t\t\t\t\t<\/div>\n\t\t<\/section>\n\t\t<div class=\"elementor-element elementor-element-8e0bc11 e-flex e-con-boxed wpr-particle-no wpr-jarallax-no wpr-parallax-no wpr-sticky-section-no e-con e-parent\" data-id=\"8e0bc11\" data-element_type=\"container\">\n\t\t\t\t\t<div class=\"e-con-inner\">\n\t\t\t\t<div class=\"elementor-element elementor-element-130fbb4 elementor-invisible elementor-widget elementor-widget-text-editor\" data-id=\"130fbb4\" data-element_type=\"widget\" data-settings=\"{&quot;_animation&quot;:&quot;bounce&quot;}\" data-widget_type=\"text-editor.default\">\n\t\t\t\t\t\t\t\t\t<h3>1. Cosa sono i cookie e perch\u00e9 li utilizziamo?<\/h3><p>I cookie sono piccoli file di testo che il nostro sito web memorizza sul tuo dispositivo (computer, cellulare o tablet) quando navighi.\u00a0<a href=\"https:\/\/publicidadradiomarcagc.com\/it\/\" target=\"_blank\" rel=\"noopener\">www.publicidadradiomarcagc.com<\/a>\u00a0Li utilizziamo per migliorare la tua esperienza, analizzare l&#039;utilizzo del sito e gestire le funzioni essenziali per il suo corretto funzionamento.<\/p><h3>2. Tipi di cookie che utilizziamo<\/h3><p>Tipologia di cookie, finalit\u00e0, durata.<\/p><p><strong>Tecniche \/ Funzionali:<\/strong> Consentono funzioni di base come la navigazione sicura, l&#039;accesso alle aree protette e la memorizzazione delle preferenze.\u00a0<\/p><p><strong>Analisi:<\/strong> Ci aiutano a misurare e analizzare il traffico, il comportamento e l&#039;interazione degli utenti. Fino a 2 anni.<\/p><p><strong>Pubblicit\u00e0 \/ Marketing:<\/strong> Ci consentono di mostrare annunci pertinenti e di misurare l&#039;efficacia delle campagne pubblicitarie. Fino a 2 anni.<\/p><h3>3. Gestione e disattivazione dei cookie<\/h3><p>Puoi accettare o rifiutare l&#039;utilizzo dei cookie dal banner al primo accesso al sito. Puoi anche disattivarli o eliminarli direttamente dalle impostazioni del tuo browser:<\/p><ul><li>Google Chrome<\/li><li>Mozilla Firefox<\/li><li>Microsoft Edge<\/li><li>Safari<\/li><\/ul><p><strong>Nota:<\/strong> La disabilitazione dei cookie funzionali potrebbe influire sulla tua esperienza di navigazione o limitare l&#039;accesso ad alcune sezioni del sito.<\/p><h3>4. Modifiche alla politica<\/h3><p>Ci riserviamo il diritto di aggiornare la presente Informativa sui Cookie per adattarla a cambiamenti tecnologici o legali. Ti consigliamo di consultarla periodicamente.<\/p><h3>5. Informazioni e contatti<\/h3><p>Per qualsiasi domanda sulla nostra politica sui cookie, puoi contattarci a:<\/p><p>\ud83d\udce7 E-mail: contacto@publicidadradiomarcagc.com<\/p><p>\ud83d\udcde Telefono: +34 651 581 581<\/p>\t\t\t\t\t\t\t\t<\/div>\n\t\t\t\t\t<\/div>\n\t\t\t\t<\/div>\n\t\t\t\t<\/div>","protected":false},"excerpt":{"rendered":"<p>Pol\u00edticas de Cookies Inicio \/ Pol\u00edticas de Cookies 1. \u00bfQu\u00e9 son las cookies y por qu\u00e9 las usamos? Las cookies son peque\u00f1os archivos de texto que nuestro sitio web almacena en tu dispositivo (ordenador, m\u00f3vil o tablet) al navegar. En\u00a0www.publicidadradiomarcagc.com\u00a0las utilizamos para mejorar tu experiencia, analizar el uso que se hace del sitio, y gestionar funciones imprescindibles para su correcto funcionamiento. 2. Tipos de cookies que utilizamos Tipo de Cookie, Finalidad, Duraci\u00f3n. T\u00e9cnicas \/ Funcionales: Permiten funciones b\u00e1sicas como navegaci\u00f3n segura, acceso a zonas protegidas, recordar preferencias.\u00a0 Anal\u00edticas: Nos ayudan a medir y analizar el tr\u00e1fico, el comportamiento y la interacci\u00f3n de los usuarios. Hasta 2 a\u00f1os. Publicitarias \/ Marketing: Permiten mostrar anuncios relevantes y medir la eficacia de las campa\u00f1as publicitarias. Hasta 2 a\u00f1os 3. Gesti\u00f3n y desactivaci\u00f3n de cookies Puedes aceptar o rechazar el uso de cookies desde el banner al acceder por primera vez al sitio. Tambi\u00e9n puedes desactivarlas o eliminarlas directamente desde la configuraci\u00f3n de tu navegador: Google Chrome Mozilla Firefox Microsoft Edge Safari Nota: deshabilitar las cookies funcionales puede afectar la experiencia de navegaci\u00f3n o limitar el acceso a ciertas secciones del sitio. 4. Cambios en la Pol\u00edtica Nos reservamos el derecho a actualizar esta pol\u00edtica de cookies para adaptarnos a cambios tecnol\u00f3gicos o legales. Te recomendamos revisarla peri\u00f3dicamente. 5. Informaci\u00f3n y contacto Si tienes dudas sobre nuestra pol\u00edtica de cookies, puedes contactarnos a trav\u00e9s de: \ud83d\udce7 Correo electr\u00f3nico: contacto@publicidadradiomarcagc.com \ud83d\udcde Tel\u00e9fono: +34 651 581 581<\/p>","protected":false},"author":1,"featured_media":0,"parent":0,"menu_order":0,"comment_status":"closed","ping_status":"closed","template":"elementor_header_footer","meta":{"_eb_attr":"","_joinchat":[],"footnotes":""},"class_list":["post-484","page","type-page","status-publish","hentry"],"yoast_head":"<!-- This site is optimized with the Yoast SEO plugin v25.7 - https:\/\/yoast.com\/wordpress\/plugins\/seo\/ -->\n<title>Pol\u00edtica De Cookies - publicidadradiomarcagc.com<\/title>\n<meta name=\"robots\" content=\"index, follow, max-snippet:-1, max-image-preview:large, max-video-preview:-1\" \/>\n<link rel=\"canonical\" href=\"https:\/\/publicidadradiomarcagc.com\/it\/politica-de-cookies\/\" \/>\n<meta property=\"og:locale\" content=\"it_IT\" \/>\n<meta property=\"og:type\" content=\"article\" \/>\n<meta property=\"og:title\" content=\"Pol\u00edtica De Cookies - publicidadradiomarcagc.com\" \/>\n<meta property=\"og:description\" content=\"Pol\u00edticas de Cookies Inicio \/ Pol\u00edticas de Cookies 1. \u00bfQu\u00e9 son las cookies y por qu\u00e9 las usamos? Las cookies son peque\u00f1os archivos de texto que nuestro sitio web almacena en tu dispositivo (ordenador, m\u00f3vil o tablet) al navegar. En\u00a0www.publicidadradiomarcagc.com\u00a0las utilizamos para mejorar tu experiencia, analizar el uso que se hace del sitio, y gestionar funciones imprescindibles para su correcto funcionamiento. 2. Tipos de cookies que utilizamos Tipo de Cookie, Finalidad, Duraci\u00f3n. T\u00e9cnicas \/ Funcionales: Permiten funciones b\u00e1sicas como navegaci\u00f3n segura, acceso a zonas protegidas, recordar preferencias.\u00a0 Anal\u00edticas: Nos ayudan a medir y analizar el tr\u00e1fico, el comportamiento y la interacci\u00f3n de los usuarios. Hasta 2 a\u00f1os. Publicitarias \/ Marketing: Permiten mostrar anuncios relevantes y medir la eficacia de las campa\u00f1as publicitarias. Hasta 2 a\u00f1os 3. Gesti\u00f3n y desactivaci\u00f3n de cookies Puedes aceptar o rechazar el uso de cookies desde el banner al acceder por primera vez al sitio. Tambi\u00e9n puedes desactivarlas o eliminarlas directamente desde la configuraci\u00f3n de tu navegador: Google Chrome Mozilla Firefox Microsoft Edge Safari Nota: deshabilitar las cookies funcionales puede afectar la experiencia de navegaci\u00f3n o limitar el acceso a ciertas secciones del sitio. 4. Cambios en la Pol\u00edtica Nos reservamos el derecho a actualizar esta pol\u00edtica de cookies para adaptarnos a cambios tecnol\u00f3gicos o legales. Te recomendamos revisarla peri\u00f3dicamente. 5. Informaci\u00f3n y contacto Si tienes dudas sobre nuestra pol\u00edtica de cookies, puedes contactarnos a trav\u00e9s de: \ud83d\udce7 Correo electr\u00f3nico: contacto@publicidadradiomarcagc.com \ud83d\udcde Tel\u00e9fono: +34 651 581 581\" \/>\n<meta property=\"og:url\" content=\"https:\/\/publicidadradiomarcagc.com\/it\/politica-de-cookies\/\" \/>\n<meta property=\"og:site_name\" content=\"publicidadradiomarcagc.com\" \/>\n<meta property=\"article:modified_time\" content=\"2025-08-25T17:51:38+00:00\" \/>\n<meta name=\"twitter:card\" content=\"summary_large_image\" \/>\n<meta name=\"twitter:label1\" content=\"Tempo di lettura stimato\" \/>\n\t<meta name=\"twitter:data1\" content=\"2 minuti\" \/>\n<!-- \/ Yoast SEO plugin. -->","yoast_head_json":{"title":"Pol\u00edtica De Cookies - publicidadradiomarcagc.com","robots":{"index":"index","follow":"follow","max-snippet":"max-snippet:-1","max-image-preview":"max-image-preview:large","max-video-preview":"max-video-preview:-1"},"canonical":"https:\/\/publicidadradiomarcagc.com\/it\/politica-de-cookies\/","og_locale":"it_IT","og_type":"article","og_title":"Pol\u00edtica De Cookies - publicidadradiomarcagc.com","og_description":"Pol\u00edticas de Cookies Inicio \/ Pol\u00edticas de Cookies 1. \u00bfQu\u00e9 son las cookies y por qu\u00e9 las usamos? Las cookies son peque\u00f1os archivos de texto que nuestro sitio web almacena en tu dispositivo (ordenador, m\u00f3vil o tablet) al navegar. En\u00a0www.publicidadradiomarcagc.com\u00a0las utilizamos para mejorar tu experiencia, analizar el uso que se hace del sitio, y gestionar funciones imprescindibles para su correcto funcionamiento. 2. Tipos de cookies que utilizamos Tipo de Cookie, Finalidad, Duraci\u00f3n. T\u00e9cnicas \/ Funcionales: Permiten funciones b\u00e1sicas como navegaci\u00f3n segura, acceso a zonas protegidas, recordar preferencias.\u00a0 Anal\u00edticas: Nos ayudan a medir y analizar el tr\u00e1fico, el comportamiento y la interacci\u00f3n de los usuarios. Hasta 2 a\u00f1os. Publicitarias \/ Marketing: Permiten mostrar anuncios relevantes y medir la eficacia de las campa\u00f1as publicitarias. Hasta 2 a\u00f1os 3. Gesti\u00f3n y desactivaci\u00f3n de cookies Puedes aceptar o rechazar el uso de cookies desde el banner al acceder por primera vez al sitio. Tambi\u00e9n puedes desactivarlas o eliminarlas directamente desde la configuraci\u00f3n de tu navegador: Google Chrome Mozilla Firefox Microsoft Edge Safari Nota: deshabilitar las cookies funcionales puede afectar la experiencia de navegaci\u00f3n o limitar el acceso a ciertas secciones del sitio. 4. Cambios en la Pol\u00edtica Nos reservamos el derecho a actualizar esta pol\u00edtica de cookies para adaptarnos a cambios tecnol\u00f3gicos o legales. Te recomendamos revisarla peri\u00f3dicamente. 5. Informaci\u00f3n y contacto Si tienes dudas sobre nuestra pol\u00edtica de cookies, puedes contactarnos a trav\u00e9s de: \ud83d\udce7 Correo electr\u00f3nico: contacto@publicidadradiomarcagc.com \ud83d\udcde Tel\u00e9fono: +34 651 581 581","og_url":"https:\/\/publicidadradiomarcagc.com\/it\/politica-de-cookies\/","og_site_name":"publicidadradiomarcagc.com","article_modified_time":"2025-08-25T17:51:38+00:00","twitter_card":"summary_large_image","twitter_misc":{"Tempo di lettura stimato":"2 minuti"},"schema":{"@context":"https:\/\/schema.org","@graph":[{"@type":"WebPage","@id":"https:\/\/publicidadradiomarcagc.com\/politica-de-cookies\/","url":"https:\/\/publicidadradiomarcagc.com\/politica-de-cookies\/","name":"Pol\u00edtica De Cookies - publicidadradiomarcagc.com","isPartOf":{"@id":"https:\/\/publicidadradiomarcagc.com\/#website"},"datePublished":"2025-08-17T16:08:29+00:00","dateModified":"2025-08-25T17:51:38+00:00","breadcrumb":{"@id":"https:\/\/publicidadradiomarcagc.com\/politica-de-cookies\/#breadcrumb"},"inLanguage":"it-IT","potentialAction":[{"@type":"ReadAction","target":["https:\/\/publicidadradiomarcagc.com\/politica-de-cookies\/"]}]},{"@type":"BreadcrumbList","@id":"https:\/\/publicidadradiomarcagc.com\/politica-de-cookies\/#breadcrumb","itemListElement":[{"@type":"ListItem","position":1,"name":"Portada","item":"https:\/\/publicidadradiomarcagc.com\/"},{"@type":"ListItem","position":2,"name":"Pol\u00edtica De Cookies"}]},{"@type":"WebSite","@id":"https:\/\/publicidadradiomarcagc.com\/#website","url":"https:\/\/publicidadradiomarcagc.com\/","name":"pubblicit\u00e0radiomarcagc.com","description":"","publisher":{"@id":"https:\/\/publicidadradiomarcagc.com\/#organization"},"potentialAction":[{"@type":"SearchAction","target":{"@type":"EntryPoint","urlTemplate":"https:\/\/publicidadradiomarcagc.com\/?s={search_term_string}"},"query-input":{"@type":"PropertyValueSpecification","valueRequired":true,"valueName":"search_term_string"}}],"inLanguage":"it-IT"},{"@type":"Organization","@id":"https:\/\/publicidadradiomarcagc.com\/#organization","name":"pubblicit\u00e0radiomarcagc.com","url":"https:\/\/publicidadradiomarcagc.com\/","logo":{"@type":"ImageObject","inLanguage":"it-IT","@id":"https:\/\/publicidadradiomarcagc.com\/#\/schema\/logo\/image\/","url":"https:\/\/publicidadradiomarcagc.com\/wp-content\/uploads\/2025\/08\/publicidadradiomarcagc.com-Logo.png","contentUrl":"https:\/\/publicidadradiomarcagc.com\/wp-content\/uploads\/2025\/08\/publicidadradiomarcagc.com-Logo.png","width":996,"height":178,"caption":"publicidadradiomarcagc.com"},"image":{"@id":"https:\/\/publicidadradiomarcagc.com\/#\/schema\/logo\/image\/"}}]}},"_links":{"self":[{"href":"https:\/\/publicidadradiomarcagc.com\/it\/wp-json\/wp\/v2\/pages\/484","targetHints":{"allow":["GET"]}}],"collection":[{"href":"https:\/\/publicidadradiomarcagc.com\/it\/wp-json\/wp\/v2\/pages"}],"about":[{"href":"https:\/\/publicidadradiomarcagc.com\/it\/wp-json\/wp\/v2\/types\/page"}],"author":[{"embeddable":true,"href":"https:\/\/publicidadradiomarcagc.com\/it\/wp-json\/wp\/v2\/users\/1"}],"replies":[{"embeddable":true,"href":"https:\/\/publicidadradiomarcagc.com\/it\/wp-json\/wp\/v2\/comments?post=484"}],"version-history":[{"count":19,"href":"https:\/\/publicidadradiomarcagc.com\/it\/wp-json\/wp\/v2\/pages\/484\/revisions"}],"predecessor-version":[{"id":1227,"href":"https:\/\/publicidadradiomarcagc.com\/it\/wp-json\/wp\/v2\/pages\/484\/revisions\/1227"}],"wp:attachment":[{"href":"https:\/\/publicidadradiomarcagc.com\/it\/wp-json\/wp\/v2\/media?parent=484"}],"curies":[{"name":"wp","href":"https:\/\/api.w.org\/{rel}","templated":true}]}}