{"id":484,"date":"2025-08-17T16:08:29","date_gmt":"2025-08-17T16:08:29","guid":{"rendered":"https:\/\/publicidadradiomarcagc.com\/?page_id=484"},"modified":"2025-08-25T17:51:38","modified_gmt":"2025-08-25T17:51:38","slug":"politica-de-cookies","status":"publish","type":"page","link":"https:\/\/publicidadradiomarcagc.com\/fr\/politica-de-cookies\/","title":{"rendered":"Pol\u00edtica De Cookies"},"content":{"rendered":"<style>.elementor-484 .elementor-element.elementor-element-375a013b:not(.elementor-motion-effects-element-type-background), .elementor-484 .elementor-element.elementor-element-375a013b > .elementor-motion-effects-container > .elementor-motion-effects-layer{background-image:url(\"https:\/\/publicidadradiomarcagc.com\/wp-content\/uploads\/2025\/08\/Imagenes-para-blog-5.gif\");background-position:center center;background-size:cover;}.elementor-484 .elementor-element.elementor-element-375a013b > .elementor-background-overlay{background-color:#242323;opacity:0.66;transition:background 0.3s, border-radius 0.3s, opacity 0.3s;}.elementor-484 .elementor-element.elementor-element-375a013b{transition:background 0.3s, border 0.3s, border-radius 0.3s, box-shadow 0.3s;padding:150px 0px 150px 0px;}.elementor-484 .elementor-element.elementor-element-28f86327.elementor-column > .elementor-widget-wrap{justify-content:center;}.elementor-484 .elementor-element.elementor-element-3f28be98{margin:0px 0px calc(var(--kit-widget-spacing, 0px) + 0px) 0px;text-align:center;}.elementor-484 .elementor-element.elementor-element-3f28be98 .elementor-heading-title{font-family:\"Poppins\", Sans-serif;font-size:42px;font-weight:700;text-transform:uppercase;line-height:1em;color:#FFFFFF;}.elementor-484 .elementor-element.elementor-element-55cd5063{width:auto;max-width:auto;font-family:var( --e-global-typography-bca57f7-font-family ), Sans-serif;font-size:var( --e-global-typography-bca57f7-font-size );font-weight:var( --e-global-typography-bca57f7-font-weight );text-shadow:0px 0px 10px rgba(0,0,0,0.3);color:#FFFFFF;}.elementor-484 .elementor-element.elementor-element-55cd5063 a{color:#C32521;}.elementor-484 .elementor-element.elementor-element-55cd5063 a:hover, .elementor-484 .elementor-element.elementor-element-55cd5063 a:focus{color:#7DA9D7;}.elementor-484 .elementor-element.elementor-element-14b45be9{width:auto;max-width:auto;margin:0px 0px calc(var(--kit-widget-spacing, 0px) + 0px) 5px;font-family:var( --e-global-typography-bca57f7-font-family ), Sans-serif;font-size:var( --e-global-typography-bca57f7-font-size );font-weight:var( --e-global-typography-bca57f7-font-weight );color:#FFFFFF;}.elementor-484 .elementor-element.elementor-element-8e0bc11{--display:flex;--flex-direction:column;--container-widget-width:100%;--container-widget-height:initial;--container-widget-flex-grow:0;--container-widget-align-self:initial;--flex-wrap-mobile:wrap;--padding-top:50px;--padding-bottom:50px;--padding-left:50px;--padding-right:50px;}.elementor-484 .elementor-element.elementor-element-130fbb4{font-family:\"Poppins\", Sans-serif;color:#242323;}@media(max-width:1024px){.elementor-484 .elementor-element.elementor-element-55cd5063{font-size:var( --e-global-typography-bca57f7-font-size );}.elementor-484 .elementor-element.elementor-element-14b45be9{font-size:var( --e-global-typography-bca57f7-font-size );}}@media(max-width:767px){.elementor-484 .elementor-element.elementor-element-375a013b{padding:110px 0px 110px 0px;}.elementor-484 .elementor-element.elementor-element-3f28be98 .elementor-heading-title{font-size:32px;}.elementor-484 .elementor-element.elementor-element-55cd5063{font-size:var( --e-global-typography-bca57f7-font-size );}.elementor-484 .elementor-element.elementor-element-14b45be9{font-size:var( --e-global-typography-bca57f7-font-size );}.elementor-484 .elementor-element.elementor-element-8e0bc11{--padding-top:30px;--padding-bottom:30px;--padding-left:30px;--padding-right:30px;}}<\/style>\t\t<div data-elementor-type=\"wp-page\" data-elementor-id=\"484\" class=\"elementor elementor-484\" data-elementor-post-type=\"page\">\n\t\t\t\t\t\t<section class=\"elementor-section elementor-top-section elementor-element elementor-element-375a013b elementor-section-boxed elementor-section-height-default elementor-section-height-default wpr-particle-no wpr-jarallax-no wpr-parallax-no wpr-sticky-section-no\" data-id=\"375a013b\" data-element_type=\"section\" data-settings=\"{&quot;background_background&quot;:&quot;classic&quot;}\">\n\t\t\t\t\t\t\t<div class=\"elementor-background-overlay\"><\/div>\n\t\t\t\t\t\t\t<div class=\"elementor-container elementor-column-gap-default\">\n\t\t\t\t\t<div class=\"elementor-column elementor-col-100 elementor-top-column elementor-element elementor-element-28f86327\" data-id=\"28f86327\" data-element_type=\"column\">\n\t\t\t<div class=\"elementor-widget-wrap elementor-element-populated\">\n\t\t\t\t\t\t<div class=\"elementor-element elementor-element-3f28be98 elementor-invisible elementor-widget elementor-widget-heading\" data-id=\"3f28be98\" data-element_type=\"widget\" data-settings=\"{&quot;_animation&quot;:&quot;rubberBand&quot;}\" data-widget_type=\"heading.default\">\n\t\t\t\t\t<h2 class=\"elementor-heading-title elementor-size-default\">Politiques en mati\u00e8re de cookies<\/h2>\t\t\t\t<\/div>\n\t\t\t\t<div class=\"elementor-element elementor-element-55cd5063 elementor-widget__width-auto elementor-invisible elementor-widget elementor-widget-text-editor\" data-id=\"55cd5063\" data-element_type=\"widget\" data-settings=\"{&quot;_animation&quot;:&quot;fadeIn&quot;}\" data-widget_type=\"text-editor.default\">\n\t\t\t\t\t\t\t\t\t<p><a href=\"https:\/\/publicidadradiomarcagc.com\/fr\/\">Commencer<\/a> \/<\/p>\t\t\t\t\t\t\t\t<\/div>\n\t\t\t\t<div class=\"elementor-element elementor-element-14b45be9 elementor-widget__width-auto elementor-invisible elementor-widget elementor-widget-text-editor\" data-id=\"14b45be9\" data-element_type=\"widget\" data-settings=\"{&quot;_animation&quot;:&quot;fadeIn&quot;}\" data-widget_type=\"text-editor.default\">\n\t\t\t\t\t\t\t\t\t<p>Politiques en mati\u00e8re de cookies<\/p>\t\t\t\t\t\t\t\t<\/div>\n\t\t\t\t\t<\/div>\n\t\t<\/div>\n\t\t\t\t\t<\/div>\n\t\t<\/section>\n\t\t<div class=\"elementor-element elementor-element-8e0bc11 e-flex e-con-boxed wpr-particle-no wpr-jarallax-no wpr-parallax-no wpr-sticky-section-no e-con e-parent\" data-id=\"8e0bc11\" data-element_type=\"container\">\n\t\t\t\t\t<div class=\"e-con-inner\">\n\t\t\t\t<div class=\"elementor-element elementor-element-130fbb4 elementor-invisible elementor-widget elementor-widget-text-editor\" data-id=\"130fbb4\" data-element_type=\"widget\" data-settings=\"{&quot;_animation&quot;:&quot;bounce&quot;}\" data-widget_type=\"text-editor.default\">\n\t\t\t\t\t\t\t\t\t<h3>1. Que sont les cookies et pourquoi les utilisons-nous ?<\/h3><p>Les cookies sont de petits fichiers textes que notre site Web stocke sur votre appareil (ordinateur, t\u00e9l\u00e9phone portable ou tablette) lorsque vous naviguez.\u00a0<a href=\"https:\/\/publicidadradiomarcagc.com\/fr\/\" target=\"_blank\" rel=\"noopener\">www.publicidadradiomarcagc.com<\/a>\u00a0Nous les utilisons pour am\u00e9liorer votre exp\u00e9rience, analyser l&#039;utilisation du site et g\u00e9rer les fonctions essentielles \u00e0 son bon fonctionnement.<\/p><h3>2. Types de cookies que nous utilisons<\/h3><p>Type de cookie, finalit\u00e9, dur\u00e9e.<\/p><p><strong>Techniques \/ Fonctionnelles :<\/strong> Ils permettent des fonctions de base telles que la navigation s\u00e9curis\u00e9e, l&#039;acc\u00e8s aux zones prot\u00e9g\u00e9es et la m\u00e9morisation des pr\u00e9f\u00e9rences.\u00a0<\/p><p><strong>Analytique:<\/strong> Ils nous aident \u00e0 mesurer et analyser le trafic, le comportement et les interactions des utilisateurs. Jusqu&#039;\u00e0 2 ans.<\/p><p><strong>Publicit\u00e9 \/ Marketing :<\/strong> Ils nous permettent d&#039;afficher des publicit\u00e9s pertinentes et de mesurer l&#039;efficacit\u00e9 des campagnes publicitaires. Jusqu&#039;\u00e0 2 ans.<\/p><h3>3. Gestion et d\u00e9sactivation des cookies<\/h3><p>Vous pouvez accepter ou refuser l&#039;utilisation des cookies depuis la banni\u00e8re lors de votre premi\u00e8re visite sur le site. Vous pouvez \u00e9galement les d\u00e9sactiver ou les supprimer directement depuis les param\u00e8tres de votre navigateur\u00a0:<\/p><ul><li>Google Chrome<\/li><li>Mozilla Firefox<\/li><li>Microsoft Edge<\/li><li>Safari<\/li><\/ul><p><strong>Note:<\/strong> La d\u00e9sactivation des cookies fonctionnels peut affecter votre exp\u00e9rience de navigation ou limiter l&#039;acc\u00e8s \u00e0 certaines sections du site.<\/p><h3>4. Changements de politique<\/h3><p>Nous nous r\u00e9servons le droit de mettre \u00e0 jour cette Politique relative aux cookies afin de l&#039;adapter aux \u00e9volutions technologiques ou juridiques. Nous vous recommandons de la consulter r\u00e9guli\u00e8rement.<\/p><h3>5. Informations et contact<\/h3><p>Si vous avez des questions sur notre politique en mati\u00e8re de cookies, vous pouvez nous contacter \u00e0 l&#039;adresse suivante :<\/p><p>\ud83d\udce7 Courriel : contacto@publicidadradiomarcagc.com<\/p><p>\ud83d\udcde T\u00e9l\u00e9phone : +34 651 581 581<\/p>\t\t\t\t\t\t\t\t<\/div>\n\t\t\t\t\t<\/div>\n\t\t\t\t<\/div>\n\t\t\t\t<\/div>","protected":false},"excerpt":{"rendered":"<p>Pol\u00edticas de Cookies Inicio \/ Pol\u00edticas de Cookies 1. \u00bfQu\u00e9 son las cookies y por qu\u00e9 las usamos? Las cookies son peque\u00f1os archivos de texto que nuestro sitio web almacena en tu dispositivo (ordenador, m\u00f3vil o tablet) al navegar. En\u00a0www.publicidadradiomarcagc.com\u00a0las utilizamos para mejorar tu experiencia, analizar el uso que se hace del sitio, y gestionar funciones imprescindibles para su correcto funcionamiento. 2. Tipos de cookies que utilizamos Tipo de Cookie, Finalidad, Duraci\u00f3n. T\u00e9cnicas \/ Funcionales: Permiten funciones b\u00e1sicas como navegaci\u00f3n segura, acceso a zonas protegidas, recordar preferencias.\u00a0 Anal\u00edticas: Nos ayudan a medir y analizar el tr\u00e1fico, el comportamiento y la interacci\u00f3n de los usuarios. Hasta 2 a\u00f1os. Publicitarias \/ Marketing: Permiten mostrar anuncios relevantes y medir la eficacia de las campa\u00f1as publicitarias. Hasta 2 a\u00f1os 3. Gesti\u00f3n y desactivaci\u00f3n de cookies Puedes aceptar o rechazar el uso de cookies desde el banner al acceder por primera vez al sitio. Tambi\u00e9n puedes desactivarlas o eliminarlas directamente desde la configuraci\u00f3n de tu navegador: Google Chrome Mozilla Firefox Microsoft Edge Safari Nota: deshabilitar las cookies funcionales puede afectar la experiencia de navegaci\u00f3n o limitar el acceso a ciertas secciones del sitio. 4. Cambios en la Pol\u00edtica Nos reservamos el derecho a actualizar esta pol\u00edtica de cookies para adaptarnos a cambios tecnol\u00f3gicos o legales. Te recomendamos revisarla peri\u00f3dicamente. 5. Informaci\u00f3n y contacto Si tienes dudas sobre nuestra pol\u00edtica de cookies, puedes contactarnos a trav\u00e9s de: \ud83d\udce7 Correo electr\u00f3nico: contacto@publicidadradiomarcagc.com \ud83d\udcde Tel\u00e9fono: +34 651 581 581<\/p>","protected":false},"author":1,"featured_media":0,"parent":0,"menu_order":0,"comment_status":"closed","ping_status":"closed","template":"elementor_header_footer","meta":{"_eb_attr":"","_joinchat":[],"footnotes":""},"class_list":["post-484","page","type-page","status-publish","hentry"],"yoast_head":"<!-- This site is optimized with the Yoast SEO plugin v25.7 - https:\/\/yoast.com\/wordpress\/plugins\/seo\/ -->\n<title>Pol\u00edtica De Cookies - publicidadradiomarcagc.com<\/title>\n<meta name=\"robots\" content=\"index, follow, max-snippet:-1, max-image-preview:large, max-video-preview:-1\" \/>\n<link rel=\"canonical\" href=\"https:\/\/publicidadradiomarcagc.com\/fr\/politica-de-cookies\/\" \/>\n<meta property=\"og:locale\" content=\"fr_FR\" \/>\n<meta property=\"og:type\" content=\"article\" \/>\n<meta property=\"og:title\" content=\"Pol\u00edtica De Cookies - publicidadradiomarcagc.com\" \/>\n<meta property=\"og:description\" content=\"Pol\u00edticas de Cookies Inicio \/ Pol\u00edticas de Cookies 1. \u00bfQu\u00e9 son las cookies y por qu\u00e9 las usamos? Las cookies son peque\u00f1os archivos de texto que nuestro sitio web almacena en tu dispositivo (ordenador, m\u00f3vil o tablet) al navegar. En\u00a0www.publicidadradiomarcagc.com\u00a0las utilizamos para mejorar tu experiencia, analizar el uso que se hace del sitio, y gestionar funciones imprescindibles para su correcto funcionamiento. 2. Tipos de cookies que utilizamos Tipo de Cookie, Finalidad, Duraci\u00f3n. T\u00e9cnicas \/ Funcionales: Permiten funciones b\u00e1sicas como navegaci\u00f3n segura, acceso a zonas protegidas, recordar preferencias.\u00a0 Anal\u00edticas: Nos ayudan a medir y analizar el tr\u00e1fico, el comportamiento y la interacci\u00f3n de los usuarios. Hasta 2 a\u00f1os. Publicitarias \/ Marketing: Permiten mostrar anuncios relevantes y medir la eficacia de las campa\u00f1as publicitarias. Hasta 2 a\u00f1os 3. Gesti\u00f3n y desactivaci\u00f3n de cookies Puedes aceptar o rechazar el uso de cookies desde el banner al acceder por primera vez al sitio. Tambi\u00e9n puedes desactivarlas o eliminarlas directamente desde la configuraci\u00f3n de tu navegador: Google Chrome Mozilla Firefox Microsoft Edge Safari Nota: deshabilitar las cookies funcionales puede afectar la experiencia de navegaci\u00f3n o limitar el acceso a ciertas secciones del sitio. 4. Cambios en la Pol\u00edtica Nos reservamos el derecho a actualizar esta pol\u00edtica de cookies para adaptarnos a cambios tecnol\u00f3gicos o legales. Te recomendamos revisarla peri\u00f3dicamente. 5. Informaci\u00f3n y contacto Si tienes dudas sobre nuestra pol\u00edtica de cookies, puedes contactarnos a trav\u00e9s de: \ud83d\udce7 Correo electr\u00f3nico: contacto@publicidadradiomarcagc.com \ud83d\udcde Tel\u00e9fono: +34 651 581 581\" \/>\n<meta property=\"og:url\" content=\"https:\/\/publicidadradiomarcagc.com\/fr\/politica-de-cookies\/\" \/>\n<meta property=\"og:site_name\" content=\"publicidadradiomarcagc.com\" \/>\n<meta property=\"article:modified_time\" content=\"2025-08-25T17:51:38+00:00\" \/>\n<meta name=\"twitter:card\" content=\"summary_large_image\" \/>\n<meta name=\"twitter:label1\" content=\"Dur\u00e9e de lecture estim\u00e9e\" \/>\n\t<meta name=\"twitter:data1\" content=\"2 minutes\" \/>\n<!-- \/ Yoast SEO plugin. -->","yoast_head_json":{"title":"Pol\u00edtica De Cookies - publicidadradiomarcagc.com","robots":{"index":"index","follow":"follow","max-snippet":"max-snippet:-1","max-image-preview":"max-image-preview:large","max-video-preview":"max-video-preview:-1"},"canonical":"https:\/\/publicidadradiomarcagc.com\/fr\/politica-de-cookies\/","og_locale":"fr_FR","og_type":"article","og_title":"Pol\u00edtica De Cookies - publicidadradiomarcagc.com","og_description":"Pol\u00edticas de Cookies Inicio \/ Pol\u00edticas de Cookies 1. \u00bfQu\u00e9 son las cookies y por qu\u00e9 las usamos? Las cookies son peque\u00f1os archivos de texto que nuestro sitio web almacena en tu dispositivo (ordenador, m\u00f3vil o tablet) al navegar. En\u00a0www.publicidadradiomarcagc.com\u00a0las utilizamos para mejorar tu experiencia, analizar el uso que se hace del sitio, y gestionar funciones imprescindibles para su correcto funcionamiento. 2. Tipos de cookies que utilizamos Tipo de Cookie, Finalidad, Duraci\u00f3n. T\u00e9cnicas \/ Funcionales: Permiten funciones b\u00e1sicas como navegaci\u00f3n segura, acceso a zonas protegidas, recordar preferencias.\u00a0 Anal\u00edticas: Nos ayudan a medir y analizar el tr\u00e1fico, el comportamiento y la interacci\u00f3n de los usuarios. Hasta 2 a\u00f1os. Publicitarias \/ Marketing: Permiten mostrar anuncios relevantes y medir la eficacia de las campa\u00f1as publicitarias. Hasta 2 a\u00f1os 3. Gesti\u00f3n y desactivaci\u00f3n de cookies Puedes aceptar o rechazar el uso de cookies desde el banner al acceder por primera vez al sitio. Tambi\u00e9n puedes desactivarlas o eliminarlas directamente desde la configuraci\u00f3n de tu navegador: Google Chrome Mozilla Firefox Microsoft Edge Safari Nota: deshabilitar las cookies funcionales puede afectar la experiencia de navegaci\u00f3n o limitar el acceso a ciertas secciones del sitio. 4. Cambios en la Pol\u00edtica Nos reservamos el derecho a actualizar esta pol\u00edtica de cookies para adaptarnos a cambios tecnol\u00f3gicos o legales. Te recomendamos revisarla peri\u00f3dicamente. 5. Informaci\u00f3n y contacto Si tienes dudas sobre nuestra pol\u00edtica de cookies, puedes contactarnos a trav\u00e9s de: \ud83d\udce7 Correo electr\u00f3nico: contacto@publicidadradiomarcagc.com \ud83d\udcde Tel\u00e9fono: +34 651 581 581","og_url":"https:\/\/publicidadradiomarcagc.com\/fr\/politica-de-cookies\/","og_site_name":"publicidadradiomarcagc.com","article_modified_time":"2025-08-25T17:51:38+00:00","twitter_card":"summary_large_image","twitter_misc":{"Dur\u00e9e de lecture estim\u00e9e":"2 minutes"},"schema":{"@context":"https:\/\/schema.org","@graph":[{"@type":"WebPage","@id":"https:\/\/publicidadradiomarcagc.com\/politica-de-cookies\/","url":"https:\/\/publicidadradiomarcagc.com\/politica-de-cookies\/","name":"Pol\u00edtica De Cookies - publicidadradiomarcagc.com","isPartOf":{"@id":"https:\/\/publicidadradiomarcagc.com\/#website"},"datePublished":"2025-08-17T16:08:29+00:00","dateModified":"2025-08-25T17:51:38+00:00","breadcrumb":{"@id":"https:\/\/publicidadradiomarcagc.com\/politica-de-cookies\/#breadcrumb"},"inLanguage":"fr-FR","potentialAction":[{"@type":"ReadAction","target":["https:\/\/publicidadradiomarcagc.com\/politica-de-cookies\/"]}]},{"@type":"BreadcrumbList","@id":"https:\/\/publicidadradiomarcagc.com\/politica-de-cookies\/#breadcrumb","itemListElement":[{"@type":"ListItem","position":1,"name":"Portada","item":"https:\/\/publicidadradiomarcagc.com\/"},{"@type":"ListItem","position":2,"name":"Pol\u00edtica De Cookies"}]},{"@type":"WebSite","@id":"https:\/\/publicidadradiomarcagc.com\/#website","url":"https:\/\/publicidadradiomarcagc.com\/","name":"publicit\u00e9radiomarcagc.com","description":"","publisher":{"@id":"https:\/\/publicidadradiomarcagc.com\/#organization"},"potentialAction":[{"@type":"SearchAction","target":{"@type":"EntryPoint","urlTemplate":"https:\/\/publicidadradiomarcagc.com\/?s={search_term_string}"},"query-input":{"@type":"PropertyValueSpecification","valueRequired":true,"valueName":"search_term_string"}}],"inLanguage":"fr-FR"},{"@type":"Organization","@id":"https:\/\/publicidadradiomarcagc.com\/#organization","name":"publicit\u00e9radiomarcagc.com","url":"https:\/\/publicidadradiomarcagc.com\/","logo":{"@type":"ImageObject","inLanguage":"fr-FR","@id":"https:\/\/publicidadradiomarcagc.com\/#\/schema\/logo\/image\/","url":"https:\/\/publicidadradiomarcagc.com\/wp-content\/uploads\/2025\/08\/publicidadradiomarcagc.com-Logo.png","contentUrl":"https:\/\/publicidadradiomarcagc.com\/wp-content\/uploads\/2025\/08\/publicidadradiomarcagc.com-Logo.png","width":996,"height":178,"caption":"publicidadradiomarcagc.com"},"image":{"@id":"https:\/\/publicidadradiomarcagc.com\/#\/schema\/logo\/image\/"}}]}},"_links":{"self":[{"href":"https:\/\/publicidadradiomarcagc.com\/fr\/wp-json\/wp\/v2\/pages\/484","targetHints":{"allow":["GET"]}}],"collection":[{"href":"https:\/\/publicidadradiomarcagc.com\/fr\/wp-json\/wp\/v2\/pages"}],"about":[{"href":"https:\/\/publicidadradiomarcagc.com\/fr\/wp-json\/wp\/v2\/types\/page"}],"author":[{"embeddable":true,"href":"https:\/\/publicidadradiomarcagc.com\/fr\/wp-json\/wp\/v2\/users\/1"}],"replies":[{"embeddable":true,"href":"https:\/\/publicidadradiomarcagc.com\/fr\/wp-json\/wp\/v2\/comments?post=484"}],"version-history":[{"count":19,"href":"https:\/\/publicidadradiomarcagc.com\/fr\/wp-json\/wp\/v2\/pages\/484\/revisions"}],"predecessor-version":[{"id":1227,"href":"https:\/\/publicidadradiomarcagc.com\/fr\/wp-json\/wp\/v2\/pages\/484\/revisions\/1227"}],"wp:attachment":[{"href":"https:\/\/publicidadradiomarcagc.com\/fr\/wp-json\/wp\/v2\/media?parent=484"}],"curies":[{"name":"wp","href":"https:\/\/api.w.org\/{rel}","templated":true}]}}